{"id":1234,"date":"2024-04-28T17:09:50","date_gmt":"2024-04-28T17:09:50","guid":{"rendered":"https:\/\/www.protected-carbon.org\/?page_id=1234"},"modified":"2024-04-28T17:09:51","modified_gmt":"2024-04-28T17:09:51","slug":"countries","status":"publish","type":"page","link":"https:\/\/www.protected-carbon.org\/es\/countries\/","title":{"rendered":"Res\u00famenes de pa\u00edses"},"content":{"rendered":"<p>Hemos preparado p\u00e1ginas resumidas del carbono protegido en muchos pa\u00edses, incluido el carbono actualmente encerrado en reservas de combustibles f\u00f3siles bajo \u00e1reas protegidas, \u00e1reas que est\u00e1n afectadas y en riesgo de extracci\u00f3n, y las empresas y gobiernos que se benefician de ellas.<\/p>\n\n\n\n<p>Si desea ver datos de un pa\u00eds que no est\u00e1 en la lista, por favor <a href=\"mailto:protectedcarbon%40leave-it-in-the-ground.org?subject=Protected%20carbon%20data%20request&amp;body=Hello%2C%0A%0AI%20would%20like%20to%20request%20a%20country%20summary%20page%20on%20protected-carbon.org.%20I%20am%20interested%20in%20data%20for%20%5Benter%20country%20name%28s%29%20here%5D.\">Haznos saber<\/a>.<\/p>\n\n\n\n<p><\/p>\n\n\n\n<div class=\"country-summaries\">\n    <div class=\"country-summaries__container\">\n        <ul style=\"list-style-type: none;\">\n        <li><a href=\"\/es\/afg\/\">Afghanistan<\/a><\/li><li><a href=\"\/es\/alb\/\">Albania<\/a><\/li><li><a href=\"\/es\/dza\/\">Algeria<\/a><\/li><li><a href=\"\/es\/ago\/\">Angola<\/a><\/li><li><a href=\"\/es\/ata\/\">Antarctica<\/a><\/li><li><a href=\"\/es\/arg\/\">Argentina<\/a><\/li><li><a href=\"\/es\/arm\/\">Armenia<\/a><\/li><li><a href=\"\/es\/aus\/\">Australia<\/a><\/li><li><a href=\"\/es\/aut\/\">Austria<\/a><\/li><li><a href=\"\/es\/aze\/\">Azerbaiy\u00e1n<\/a><\/li><li><a href=\"\/es\/bhs\/\">Bahamas<\/a><\/li><li><a href=\"\/es\/bhr\/\">Bahr\u00e9in<\/a><\/li><li><a href=\"\/es\/bgd\/\">Bangladesh<\/a><\/li><li><a href=\"\/es\/brb\/\">Barbados<\/a><\/li><li><a href=\"\/es\/blr\/\">Belarus<\/a><\/li><li><a href=\"\/es\/bel\/\">Belgium<\/a><\/li><li><a href=\"\/es\/blz\/\">Belice<\/a><\/li><li><a href=\"\/es\/ben\/\">Benin<\/a><\/li><li><a href=\"\/es\/btn\/\">Bhutan<\/a><\/li><li><a href=\"\/es\/bol\/\">bolivia<\/a><\/li><li><a href=\"\/es\/bih\/\">Bosnia and Herzegovina<\/a><\/li><li><a href=\"\/es\/bwa\/\">Botsuana<\/a><\/li><li><a href=\"\/es\/bra\/\">Brasil<\/a><\/li><li><a href=\"\/es\/brn\/\">Brunei Darussalam<\/a><\/li><li><a href=\"\/es\/bgr\/\">Bulgaria<\/a><\/li><li><a href=\"\/es\/khm\/\">Camboya<\/a><\/li><li><a href=\"\/es\/cmr\/\">Camer\u00fan<\/a><\/li><li><a href=\"\/es\/can\/\">Canad\u00e1<\/a><\/li><li><a href=\"\/es\/caf\/\">Central African Republic<\/a><\/li><li><a href=\"\/es\/tcd\/\">Chad<\/a><\/li><li><a href=\"\/es\/chl\/\">Chile<\/a><\/li><li><a href=\"\/es\/chn\/\">Porcelana<\/a><\/li><li><a href=\"\/es\/col\/\">Colombia<\/a><\/li><li><a href=\"\/es\/cod\/\">Congo (RDC)<\/a><\/li><li><a href=\"\/es\/cog\/\">Congo (Rep\u00fablica)<\/a><\/li><li><a href=\"\/es\/cri\/\">Costa Rica<\/a><\/li><li><a href=\"\/es\/civ\/\">C\u00f4te d'Ivoire<\/a><\/li><li><a href=\"\/es\/hrv\/\">Croacia<\/a><\/li><li><a href=\"\/es\/cub\/\">Cuba<\/a><\/li><li><a href=\"\/es\/cyp\/\">Chipre<\/a><\/li><li><a href=\"\/es\/cze\/\">Chequia<\/a><\/li><li><a href=\"\/es\/dnk\/\">Denmark<\/a><\/li><li><a href=\"\/es\/dji\/\">Djibouti<\/a><\/li><li><a href=\"\/es\/dom\/\">Rep\u00fablica Dominicana<\/a><\/li><li><a href=\"\/es\/ecu\/\">Ecuador<\/a><\/li><li><a href=\"\/es\/egy\/\">Egipto<\/a><\/li><li><a href=\"\/es\/gnq\/\">Equatorial Guinea<\/a><\/li><li><a href=\"\/es\/eri\/\">Eritrea<\/a><\/li><li><a href=\"\/es\/swz\/\">Eswatini<\/a><\/li><li><a href=\"\/es\/eth\/\">Etiop\u00eda<\/a><\/li><li><a href=\"\/es\/fra\/\">Francia<\/a><\/li><li><a href=\"\/es\/gab\/\">Gab\u00f3n<\/a><\/li><li><a href=\"\/es\/gmb\/\">Gambia<\/a><\/li><li><a href=\"\/es\/geo\/\">Georgia<\/a><\/li><li><a href=\"\/es\/deu\/\">Alemania<\/a><\/li><li><a href=\"\/es\/gha\/\">Ghana<\/a><\/li><li><a href=\"\/es\/grc\/\">Grecia<\/a><\/li><li><a href=\"\/es\/grl\/\">Groenlandia<\/a><\/li><li><a href=\"\/es\/gtm\/\">Guatemala<\/a><\/li><li><a href=\"\/es\/gin\/\">Guinea<\/a><\/li><li><a href=\"\/es\/gnb\/\">Guinea-Bissau<\/a><\/li><li><a href=\"\/es\/guy\/\">Guyana<\/a><\/li><li><a href=\"\/es\/hti\/\">Haiti<\/a><\/li><li><a href=\"\/es\/hnd\/\">Honduras<\/a><\/li><li><a href=\"\/es\/hun\/\">Hungr\u00eda<\/a><\/li><li><a href=\"\/es\/ind\/\">India<\/a><\/li><li><a href=\"\/es\/idn\/\">Indonesia<\/a><\/li><li><a href=\"\/es\/irn\/\">Ir\u00e1n<\/a><\/li><li><a href=\"\/es\/irq\/\">Irak<\/a><\/li><li><a href=\"\/es\/irl\/\">Ireland<\/a><\/li><li><a href=\"\/es\/isr\/\">Israel<\/a><\/li><li><a href=\"\/es\/ita\/\">Italia<\/a><\/li><li><a href=\"\/es\/jam\/\">Jamaica<\/a><\/li><li><a href=\"\/es\/jpn\/\">Jap\u00f3n<\/a><\/li><li><a href=\"\/es\/jor\/\">Jordan<\/a><\/li><li><a href=\"\/es\/kaz\/\">Kazajst\u00e1n<\/a><\/li><li><a href=\"\/es\/ken\/\">Kenia<\/a><\/li><li><a href=\"\/es\/kwt\/\">Kuwait<\/a><\/li><li><a href=\"\/es\/kgz\/\">Kyrgyzstan<\/a><\/li><li><a href=\"\/es\/lao\/\">Lao<\/a><\/li><li><a href=\"\/es\/lva\/\">Latvia<\/a><\/li><li><a href=\"\/es\/lbn\/\">Lebanon<\/a><\/li><li><a href=\"\/es\/lso\/\">Lesotho<\/a><\/li><li><a href=\"\/es\/lbr\/\">Liberia<\/a><\/li><li><a href=\"\/es\/lby\/\">Libya<\/a><\/li><li><a href=\"\/es\/ltu\/\">Lituania<\/a><\/li><li><a href=\"\/es\/mdg\/\">Madagascar<\/a><\/li><li><a href=\"\/es\/mwi\/\">Malawi<\/a><\/li><li><a href=\"\/es\/mys\/\">Malasia<\/a><\/li><li><a href=\"\/es\/mli\/\">Mali<\/a><\/li><li><a href=\"\/es\/mlt\/\">Malta<\/a><\/li><li><a href=\"\/es\/mtq\/\">Martinique<\/a><\/li><li><a href=\"\/es\/mrt\/\">Mauritania<\/a><\/li><li><a href=\"\/es\/mex\/\">M\u00e9xico<\/a><\/li><li><a href=\"\/es\/mda\/\">Moldavia<\/a><\/li><li><a href=\"\/es\/mco\/\">Monaco<\/a><\/li><li><a href=\"\/es\/mng\/\">Mongolia<\/a><\/li><li><a href=\"\/es\/mar\/\">Marruecos<\/a><\/li><li><a href=\"\/es\/moz\/\">Mozambique<\/a><\/li><li><a href=\"\/es\/mmr\/\">Birmania<\/a><\/li><li><a href=\"\/es\/nam\/\">Namibia<\/a><\/li><li><a href=\"\/es\/npl\/\">Nepal<\/a><\/li><li><a href=\"\/es\/nld\/\">Pa\u00edses Bajos<\/a><\/li><li><a href=\"\/es\/ncl\/\">Nueva Caledonia<\/a><\/li><li><a href=\"\/es\/nzl\/\">Nueva Zelanda<\/a><\/li><li><a href=\"\/es\/ner\/\">N\u00edger<\/a><\/li><li><a href=\"\/es\/nga\/\">Nigeria<\/a><\/li><li><a href=\"\/es\/mkd\/\">North Macedonia<\/a><\/li><li><a href=\"\/es\/nor\/\">Norway<\/a><\/li><li><a href=\"\/es\/omn\/\">Om\u00e1n<\/a><\/li><li><a href=\"\/es\/pak\/\">Pakist\u00e1n<\/a><\/li><li><a href=\"\/es\/plw\/\">Palaos<\/a><\/li><li><a href=\"\/es\/pse\/\">Palestine<\/a><\/li><li><a href=\"\/es\/pan\/\">Panama<\/a><\/li><li><a href=\"\/es\/png\/\">Pap\u00faa Nueva Guinea<\/a><\/li><li><a href=\"\/es\/pry\/\">Paraguay<\/a><\/li><li><a href=\"\/es\/per\/\">Per\u00fa<\/a><\/li><li><a href=\"\/es\/phl\/\">Filipinas<\/a><\/li><li><a href=\"\/es\/pol\/\">Polonia<\/a><\/li><li><a href=\"\/es\/prt\/\">Portugal<\/a><\/li><li><a href=\"\/es\/qat\/\">Katar<\/a><\/li><li><a href=\"\/es\/rou\/\">Rumania<\/a><\/li><li><a href=\"\/es\/rus\/\">Rusia<\/a><\/li><li><a href=\"\/es\/stp\/\">Sao Tome and Principe<\/a><\/li><li><a href=\"\/es\/sau\/\">Arabia Saudita<\/a><\/li><li><a href=\"\/es\/sen\/\">Senegal<\/a><\/li><li><a href=\"\/es\/srb\/\">Serbia<\/a><\/li><li><a href=\"\/es\/syc\/\">Seychelles<\/a><\/li><li><a href=\"\/es\/sle\/\">Sierra Leone<\/a><\/li><li><a href=\"\/es\/svk\/\">Eslovaquia<\/a><\/li><li><a href=\"\/es\/svn\/\">Eslovenia<\/a><\/li><li><a href=\"\/es\/zaf\/\">Sud\u00e1frica<\/a><\/li><li><a href=\"\/es\/ssd\/\">Sud\u00e1n del Sur<\/a><\/li><li><a href=\"\/es\/esp\/\">Espa\u00f1a<\/a><\/li><li><a href=\"\/es\/lka\/\">Sri Lanka<\/a><\/li><li><a href=\"\/es\/sdn\/\">Sudan<\/a><\/li><li><a href=\"\/es\/sur\/\">Surinam<\/a><\/li><li><a href=\"\/es\/sjm\/\">Svalbard and Jan Mayen<\/a><\/li><li><a href=\"\/es\/swe\/\">Sweden<\/a><\/li><li><a href=\"\/es\/che\/\">Switzerland<\/a><\/li><li><a href=\"\/es\/syr\/\">Syria<\/a><\/li><li><a href=\"\/es\/twn\/\">Taiwan<\/a><\/li><li><a href=\"\/es\/tjk\/\">Tajikistan<\/a><\/li><li><a href=\"\/es\/tza\/\">Tanzania<\/a><\/li><li><a href=\"\/es\/tha\/\">Tailandia<\/a><\/li><li><a href=\"\/es\/tls\/\">Timor-Leste<\/a><\/li><li><a href=\"\/es\/tgo\/\">Togo<\/a><\/li><li><a href=\"\/es\/tto\/\">Trinidad y Tobago<\/a><\/li><li><a href=\"\/es\/tun\/\">T\u00fanez<\/a><\/li><li><a href=\"\/es\/tur\/\">Pavo<\/a><\/li><li><a href=\"\/es\/tkm\/\">Turkmenist\u00e1n<\/a><\/li><li><a href=\"\/es\/uga\/\">Uganda<\/a><\/li><li><a href=\"\/es\/ukr\/\">Ucrania<\/a><\/li><li><a href=\"\/es\/are\/\">Emiratos \u00c1rabes Unidos<\/a><\/li><li><a href=\"\/es\/gbr\/\">Reino Unido<\/a><\/li><li><a href=\"\/es\/usa\/\">Estados Unidos<\/a><\/li><li><a href=\"\/es\/ury\/\">Uruguay<\/a><\/li><li><a href=\"\/es\/uzb\/\">Uzbekist\u00e1n<\/a><\/li><li><a href=\"\/es\/ven\/\">Venezuela<\/a><\/li><li><a href=\"\/es\/vnm\/\">Vietnam<\/a><\/li><li><a href=\"\/es\/yem\/\">Yemen<\/a><\/li><li><a href=\"\/es\/zmb\/\">Zambia<\/a><\/li><li><a href=\"\/es\/zwe\/\">Zimbabue<\/a><\/li>        <\/ul>\n    <\/div>\n<\/div>","protected":false},"excerpt":{"rendered":"<p>We have prepared summary pages of protected carbon in many countries, including the carbon currently locked in fossil fuel reserves under protected areas, areas that are affected and at risk from extraction, and the companies and governments that profit from these. If you would like to see data for a country that is not on [&hellip;]<\/p>\n","protected":false},"author":4,"featured_media":0,"parent":0,"menu_order":0,"comment_status":"closed","ping_status":"closed","template":"","meta":{"_et_pb_use_builder":"off","_et_pb_old_content":"","_et_gb_content_width":"","footnotes":""},"class_list":["post-1234","page","type-page","status-publish","hentry"],"_links":{"self":[{"href":"https:\/\/www.protected-carbon.org\/es\/wp-json\/wp\/v2\/pages\/1234","targetHints":{"allow":["GET"]}}],"collection":[{"href":"https:\/\/www.protected-carbon.org\/es\/wp-json\/wp\/v2\/pages"}],"about":[{"href":"https:\/\/www.protected-carbon.org\/es\/wp-json\/wp\/v2\/types\/page"}],"author":[{"embeddable":true,"href":"https:\/\/www.protected-carbon.org\/es\/wp-json\/wp\/v2\/users\/4"}],"replies":[{"embeddable":true,"href":"https:\/\/www.protected-carbon.org\/es\/wp-json\/wp\/v2\/comments?post=1234"}],"version-history":[{"count":1,"href":"https:\/\/www.protected-carbon.org\/es\/wp-json\/wp\/v2\/pages\/1234\/revisions"}],"predecessor-version":[{"id":1235,"href":"https:\/\/www.protected-carbon.org\/es\/wp-json\/wp\/v2\/pages\/1234\/revisions\/1235"}],"wp:attachment":[{"href":"https:\/\/www.protected-carbon.org\/es\/wp-json\/wp\/v2\/media?parent=1234"}],"curies":[{"name":"wp","href":"https:\/\/api.w.org\/{rel}","templated":true}]}}